{"id":987998,"date":"2023-05-22T17:49:27","date_gmt":"2023-05-22T14:49:27","guid":{"rendered":"https:\/\/yoodigital.co\/free-audit\/"},"modified":"2024-01-25T02:10:27","modified_gmt":"2024-01-24T23:10:27","slug":"teklif-al","status":"publish","type":"page","link":"https:\/\/yoodigital.co\/tr\/teklif-al\/","title":{"rendered":"Teklif Al"},"content":{"rendered":"\t\t<div data-elementor-type=\"wp-page\" data-elementor-id=\"987998\" class=\"elementor elementor-987998 elementor-4112\" data-elementor-post-type=\"page\">\n\t\t\t\t\t\t<section class=\"elementor-section elementor-top-section elementor-element elementor-element-2a2d617 elementor-section-boxed elementor-section-height-default elementor-section-height-default\" data-id=\"2a2d617\" data-element_type=\"section\">\n\t\t\t\t\t\t<div class=\"elementor-container elementor-column-gap-no\">\n\t\t\t\t\t<div class=\"elementor-column elementor-col-50 elementor-top-column elementor-element elementor-element-bf533dd\" data-id=\"bf533dd\" data-element_type=\"column\">\n\t\t\t<div class=\"elementor-widget-wrap elementor-element-populated\">\n\t\t\t\t\t\t<div class=\"elementor-element elementor-element-ee5f44f elementor-invisible elementor-widget elementor-widget-heading\" data-id=\"ee5f44f\" data-element_type=\"widget\" data-settings=\"{&quot;_animation&quot;:&quot;fadeIn&quot;,&quot;_animation_tablet&quot;:&quot;none&quot;,&quot;_animation_delay&quot;:300}\" data-widget_type=\"heading.default\">\n\t\t\t\t<div class=\"elementor-widget-container\">\n\t\t\t<h1 class=\"elementor-heading-title elementor-size-default\">Gelirinizi art\u0131rmaya haz\u0131r m\u0131s\u0131n\u0131z?<\/h1>\t\t<\/div>\n\t\t\t\t<\/div>\n\t\t\t\t<div class=\"elementor-element elementor-element-1c026a9 elementor-widget-mobile__width-inherit elementor-widget-tablet__width-inherit elementor-widget elementor-widget-text-editor\" data-id=\"1c026a9\" data-element_type=\"widget\" data-widget_type=\"text-editor.default\">\n\t\t\t\t<div class=\"elementor-widget-container\">\n\t\t\t\t\t\t\t<p>Yoo Digital ile i\u015f birli\u011fi kurdu\u011funuzda, i\u015fin a\u011f\u0131r y\u00fck\u00fcn\u00fc biz \u00fcstleniriz, b\u00f6ylece daha fazla web sitesi trafi\u011finin, olas\u0131 sat\u0131\u015flar\u0131n ve gelirin keyfini \u00e7\u0131karabilirsiniz.<\/p>\t\t\t\t\t\t<\/div>\n\t\t\t\t<\/div>\n\t\t\t\t<div class=\"elementor-element elementor-element-038221d elementor-widget-divider--view-line elementor-widget elementor-widget-divider\" data-id=\"038221d\" data-element_type=\"widget\" data-widget_type=\"divider.default\">\n\t\t\t\t<div class=\"elementor-widget-container\">\n\t\t\t\t\t<div class=\"elementor-divider\">\n\t\t\t<span class=\"elementor-divider-separator\">\n\t\t\t\t\t\t<\/span>\n\t\t<\/div>\n\t\t\t\t<\/div>\n\t\t\t\t<\/div>\n\t\t\t\t<div class=\"elementor-element elementor-element-668e307 elementor-position-left elementor-mobile-position-left elementor-view-default elementor-vertical-align-top elementor-widget elementor-widget-icon-box\" data-id=\"668e307\" data-element_type=\"widget\" data-widget_type=\"icon-box.default\">\n\t\t\t\t<div class=\"elementor-widget-container\">\n\t\t\t\t\t<div class=\"elementor-icon-box-wrapper\">\n\n\t\t\t\t\t\t<div class=\"elementor-icon-box-icon\">\n\t\t\t\t<span  class=\"elementor-icon elementor-animation-\">\n\t\t\t\t<i aria-hidden=\"true\" class=\"fas fa-check-circle\"><\/i>\t\t\t\t<\/span>\n\t\t\t<\/div>\n\t\t\t\n\t\t\t\t\t\t<div class=\"elementor-icon-box-content\">\n\n\t\t\t\t\t\t\t\t\t<div class=\"elementor-icon-box-title\">\n\t\t\t\t\t\t<span  >\n\t\t\t\t\t\t\tPazarlama hedeflerinizi g\u00f6zden ge\u00e7irin: Pazarlama ama\u00e7lar\u0131n\u0131z\u0131 ve hedeflerinizi g\u00f6zden ge\u00e7irerek ba\u015flay\u0131n.\t\t\t\t\t\t<\/span>\n\t\t\t\t\t<\/div>\n\t\t\t\t\n\t\t\t\t\n\t\t\t<\/div>\n\t\t\t\n\t\t<\/div>\n\t\t\t\t<\/div>\n\t\t\t\t<\/div>\n\t\t\t\t<div class=\"elementor-element elementor-element-89b443d elementor-position-left elementor-mobile-position-left elementor-view-default elementor-vertical-align-top elementor-widget elementor-widget-icon-box\" data-id=\"89b443d\" data-element_type=\"widget\" data-widget_type=\"icon-box.default\">\n\t\t\t\t<div class=\"elementor-widget-container\">\n\t\t\t\t\t<div class=\"elementor-icon-box-wrapper\">\n\n\t\t\t\t\t\t<div class=\"elementor-icon-box-icon\">\n\t\t\t\t<span  class=\"elementor-icon elementor-animation-\">\n\t\t\t\t<i aria-hidden=\"true\" class=\"fas fa-check-circle\"><\/i>\t\t\t\t<\/span>\n\t\t\t<\/div>\n\t\t\t\n\t\t\t\t\t\t<div class=\"elementor-icon-box-content\">\n\n\t\t\t\t\t\t\t\t\t<div class=\"elementor-icon-box-title\">\n\t\t\t\t\t\t<span  >\n\t\t\t\t\t\t\tHedef kitlenizi, de\u011fi\u015fip de\u011fi\u015fmediklerini veya onlara daha iyi ula\u015fmak i\u00e7in de\u011ferlendirin\t\t\t\t\t\t<\/span>\n\t\t\t\t\t<\/div>\n\t\t\t\t\n\t\t\t\t\n\t\t\t<\/div>\n\t\t\t\n\t\t<\/div>\n\t\t\t\t<\/div>\n\t\t\t\t<\/div>\n\t\t\t\t<div class=\"elementor-element elementor-element-7aa3ccd elementor-position-left elementor-mobile-position-left elementor-view-default elementor-vertical-align-top elementor-widget elementor-widget-icon-box\" data-id=\"7aa3ccd\" data-element_type=\"widget\" data-widget_type=\"icon-box.default\">\n\t\t\t\t<div class=\"elementor-widget-container\">\n\t\t\t\t\t<div class=\"elementor-icon-box-wrapper\">\n\n\t\t\t\t\t\t<div class=\"elementor-icon-box-icon\">\n\t\t\t\t<span  class=\"elementor-icon elementor-animation-\">\n\t\t\t\t<i aria-hidden=\"true\" class=\"fas fa-check-circle\"><\/i>\t\t\t\t<\/span>\n\t\t\t<\/div>\n\t\t\t\n\t\t\t\t\t\t<div class=\"elementor-icon-box-content\">\n\n\t\t\t\t\t\t\t\t\t<div class=\"elementor-icon-box-title\">\n\t\t\t\t\t\t<span  >\n\t\t\t\t\t\t\tWeb sitenizin kullan\u0131c\u0131 dostu, mobil uyumlu ve arama motorlar\u0131 i\u00e7in optimize edilmi\u015f oldu\u011fundan emin olmak i\u00e7in analiz isteyin\t\t\t\t\t\t<\/span>\n\t\t\t\t\t<\/div>\n\t\t\t\t\n\t\t\t\t\n\t\t\t<\/div>\n\t\t\t\n\t\t<\/div>\n\t\t\t\t<\/div>\n\t\t\t\t<\/div>\n\t\t\t\t<div class=\"elementor-element elementor-element-2a64f57 elementor-position-left elementor-mobile-position-left elementor-view-default elementor-vertical-align-top elementor-widget elementor-widget-icon-box\" data-id=\"2a64f57\" data-element_type=\"widget\" data-widget_type=\"icon-box.default\">\n\t\t\t\t<div class=\"elementor-widget-container\">\n\t\t\t\t\t<div class=\"elementor-icon-box-wrapper\">\n\n\t\t\t\t\t\t<div class=\"elementor-icon-box-icon\">\n\t\t\t\t<span  class=\"elementor-icon elementor-animation-\">\n\t\t\t\t<i aria-hidden=\"true\" class=\"fas fa-check-circle\"><\/i>\t\t\t\t<\/span>\n\t\t\t<\/div>\n\t\t\t\n\t\t\t\t\t\t<div class=\"elementor-icon-box-content\">\n\n\t\t\t\t\t\t\t\t\t<div class=\"elementor-icon-box-title\">\n\t\t\t\t\t\t<span  >\n\t\t\t\t\t\t\tBlog g\u00f6nderileriniz i\u00e7erikleriniz de dahil olmak \u00fczere i\u00e7erik pazarlama ad\u0131mlar\u0131n\u0131 g\u00f6zden ge\u00e7irin.\t\t\t\t\t\t<\/span>\n\t\t\t\t\t<\/div>\n\t\t\t\t\n\t\t\t\t\n\t\t\t<\/div>\n\t\t\t\n\t\t<\/div>\n\t\t\t\t<\/div>\n\t\t\t\t<\/div>\n\t\t\t\t\t<\/div>\n\t\t<\/div>\n\t\t\t\t<div class=\"elementor-column elementor-col-50 elementor-top-column elementor-element elementor-element-a5bce2a\" data-id=\"a5bce2a\" data-element_type=\"column\">\n\t\t\t<div class=\"elementor-widget-wrap elementor-element-populated\">\n\t\t\t\t\t\t<div class=\"elementor-element elementor-element-2f95400 elementor-widget elementor-widget-heading\" data-id=\"2f95400\" data-element_type=\"widget\" data-widget_type=\"heading.default\">\n\t\t\t\t<div class=\"elementor-widget-container\">\n\t\t\t<h4 class=\"elementor-heading-title elementor-size-default\">Web Sitemi \u00dccretsiz \u0130ncele<\/h4>\t\t<\/div>\n\t\t\t\t<\/div>\n\t\t\t\t<div class=\"elementor-element elementor-element-27fd859 elementor-widget__width-auto elementor-absolute elementor-view-default elementor-widget elementor-widget-icon\" data-id=\"27fd859\" data-element_type=\"widget\" data-settings=\"{&quot;_position&quot;:&quot;absolute&quot;}\" data-widget_type=\"icon.default\">\n\t\t\t\t<div class=\"elementor-widget-container\">\n\t\t\t\t\t<div class=\"elementor-icon-wrapper\">\n\t\t\t<div class=\"elementor-icon\">\n\t\t\t<svg xmlns=\"http:\/\/www.w3.org\/2000\/svg\" width=\"54\" height=\"53\" viewBox=\"0 0 54 53\"><g fill=\"\" fill-rule=\"nonzero\"><path d=\"M27.07.77c-5.93 19.07-3.73 19.51-26.51 26 22.78 6.49 20.58 6.93 26.5 26 5.9-19.07 3.72-19.52 26.5-26-22.78-6.48-20.6-6.93-26.5-26ZM45.24 14.54c1.17-3.79.74-3.88 5.27-5.17C45.98 8.08 46.4 8 45.24 4.2c-1.18 3.8-.74 3.88-5.27 5.17 4.53 1.3 4.1 1.38 5.27 5.17ZM10.87 40.14c-1.5 1.86-1.28 2.01-4.1 1.71 2.26 1.75 1.99 1.7 1.81 4.09 1.5-1.86 1.27-2.01 4.1-1.71-2.26-1.75-2-1.7-1.81-4.09Z\"><\/path><\/g><\/svg>\t\t\t<\/div>\n\t\t<\/div>\n\t\t\t\t<\/div>\n\t\t\t\t<\/div>\n\t\t\t\t<div class=\"elementor-element elementor-element-1a5033a elementor-widget__width-auto elementor-absolute e-transform elementor-widget elementor-widget-image\" data-id=\"1a5033a\" data-element_type=\"widget\" data-settings=\"{&quot;_position&quot;:&quot;absolute&quot;,&quot;_transform_rotateZ_effect&quot;:{&quot;unit&quot;:&quot;px&quot;,&quot;size&quot;:30,&quot;sizes&quot;:[]},&quot;_transform_rotateZ_effect_tablet&quot;:{&quot;unit&quot;:&quot;deg&quot;,&quot;size&quot;:&quot;&quot;,&quot;sizes&quot;:[]},&quot;_transform_rotateZ_effect_mobile&quot;:{&quot;unit&quot;:&quot;deg&quot;,&quot;size&quot;:&quot;&quot;,&quot;sizes&quot;:[]}}\" data-widget_type=\"image.default\">\n\t\t\t\t<div class=\"elementor-widget-container\">\n\t\t\t\t\t\t\t\t\t\t\t\t\t<img decoding=\"async\" width=\"159\" height=\"300\" src=\"https:\/\/yoodigital.co\/wp-content\/uploads\/2023\/05\/GettyImages-1367732506-159x300.png\" class=\"attachment-medium size-medium wp-image-1484 has-transparency\" alt=\"\" srcset=\"https:\/\/yoodigital.co\/wp-content\/uploads\/2023\/05\/GettyImages-1367732506-159x300.png 159w, https:\/\/yoodigital.co\/wp-content\/uploads\/2023\/05\/GettyImages-1367732506-640x1210.png 640w, https:\/\/yoodigital.co\/wp-content\/uploads\/2023\/05\/GettyImages-1367732506-542x1024.png 542w, https:\/\/yoodigital.co\/wp-content\/uploads\/2023\/05\/GettyImages-1367732506-768x1452.png 768w, https:\/\/yoodigital.co\/wp-content\/uploads\/2023\/05\/GettyImages-1367732506.png 788w\" sizes=\"(max-width: 159px) 100vw, 159px\" data-has-transparency=\"true\" data-dominant-color=\"4d5074\" style=\"--dominant-color: #4d5074\" \/>\t\t\t\t\t\t\t\t\t\t\t\t\t<\/div>\n\t\t\t\t<\/div>\n\t\t\t\t<div class=\"vamtam-has-theme-widget-styles elementor-element elementor-element-98541c1 elementor-button-align-stretch vamtam-has-underline-anim elementor-widget elementor-widget-form\" data-id=\"98541c1\" data-element_type=\"widget\" data-settings=\"{&quot;step_next_label&quot;:&quot;Next&quot;,&quot;step_previous_label&quot;:&quot;Previous&quot;,&quot;button_width&quot;:&quot;100&quot;,&quot;step_type&quot;:&quot;number_text&quot;,&quot;step_icon_shape&quot;:&quot;circle&quot;}\" data-widget_type=\"form.default\">\n\t\t\t\t<div class=\"elementor-widget-container\">\n\t\t\t    <script>\r\n    jQuery(document).ready(function() {\r\n      jQuery(\".elementor-form\").on('submit', function() {\r\n        var submittedForm = jQuery(this);\r\n        setTimeout(function() {\r\n          var turnstileElement = submittedForm.find('.cf-turnstile');\r\n          if (turnstileElement.length > 0) {\r\n            var uniqueId = 'cf-turnstile-elementor-' + new Date().getTime();\r\n            turnstileElement.attr('id', uniqueId);\r\n            turnstile.reset('#' + uniqueId);\r\n          }\r\n        }, 2500);\r\n      });\r\n    });\r\n    <\/script>\r\n      \t<style>.elementor-form[name=\"Teklif Al Formu\"] button[type=submit] { pointer-events: none; opacity: 0.5; }<\/style>\r\n        \t\t<form class=\"elementor-form\" method=\"post\" name=\"Teklif Al Formu\">\n\t\t\t<input type=\"hidden\" name=\"post_id\" value=\"987998\"\/>\n\t\t\t<input type=\"hidden\" name=\"form_id\" value=\"98541c1\"\/>\n\t\t\t<input type=\"hidden\" name=\"referer_title\" value=\"\" \/>\n\n\t\t\t\n\t\t\t<div class=\"elementor-form-fields-wrapper elementor-labels-above\">\n\t\t\t\t\t\t\t\t<div class=\"elementor-field-type-text elementor-field-group elementor-column elementor-field-group-name_free_audit elementor-col-100 elementor-field-required\">\n\t\t\t\t\t\t\t\t\t\t\t\t\t<input size=\"1\" type=\"text\" name=\"form_fields[name_free_audit]\" id=\"form-field-name_free_audit\" class=\"elementor-field elementor-size-sm  elementor-field-textual\" placeholder=\"\u0130sim Soyisim\" required=\"required\" aria-required=\"true\">\n\t\t\t\t\t\t\t\t\t\t\t<\/div>\n\t\t\t\t\t\t\t\t<div class=\"elementor-field-type-email elementor-field-group elementor-column elementor-field-group-email elementor-col-50 elementor-field-required\">\n\t\t\t\t\t\t\t\t\t\t\t\t\t<input size=\"1\" type=\"email\" name=\"form_fields[email]\" id=\"form-field-email\" class=\"elementor-field elementor-size-sm  elementor-field-textual\" placeholder=\"Eposta\" required=\"required\" aria-required=\"true\">\n\t\t\t\t\t\t\t\t\t\t\t<\/div>\n\t\t\t\t\t\t\t\t<div class=\"elementor-field-type-text elementor-field-group elementor-column elementor-field-group-field_93bc8cc elementor-col-50\">\n\t\t\t\t\t\t\t\t\t\t\t\t\t<input size=\"1\" type=\"text\" name=\"form_fields[field_93bc8cc]\" id=\"form-field-field_93bc8cc\" class=\"elementor-field elementor-size-sm  elementor-field-textual\" placeholder=\"\u015eirket Ad\u0131\">\n\t\t\t\t\t\t\t\t\t\t\t<\/div>\n\t\t\t\t\t\t\t\t<div class=\"elementor-field-type-tel elementor-field-group elementor-column elementor-field-group-field_597bd0b elementor-col-100 elementor-field-required\">\n\t\t\t\t\t\t\t<input size=\"1\" type=\"tel\" name=\"form_fields[field_597bd0b]\" id=\"form-field-field_597bd0b\" class=\"elementor-field elementor-size-sm  elementor-field-textual\" placeholder=\"Telefon Numaras\u0131\" required=\"required\" aria-required=\"true\" pattern=\"[0-9()#&amp;+*-=.]+\" title=\"Only numbers and phone characters (#, -, *, etc) are accepted.\">\n\n\t\t\t\t\t\t<\/div>\n\t\t\t\t\t\t\t\t<div class=\"elementor-field-type-text elementor-field-group elementor-column elementor-field-group-field_474ba9d elementor-col-100\">\n\t\t\t\t\t\t\t\t\t\t\t\t\t<input size=\"1\" type=\"text\" name=\"form_fields[field_474ba9d]\" id=\"form-field-field_474ba9d\" class=\"elementor-field elementor-size-sm  elementor-field-textual\" placeholder=\" Ayl\u0131k SEO B\u00fct\u00e7eniz\">\n\t\t\t\t\t\t\t\t\t\t\t<\/div>\n\t\t\t\t\t\t\t\t<div class=\"elementor-field-type-textarea elementor-field-group elementor-column elementor-field-group-message elementor-col-100 elementor-field-required\">\n\t\t\t\t\t<textarea class=\"elementor-field-textual elementor-field  elementor-size-sm\" name=\"form_fields[message]\" id=\"form-field-message\" rows=\"3\" placeholder=\"Size nas\u0131l yard\u0131mc\u0131 olabiliriz?\" required=\"required\" aria-required=\"true\"><\/textarea>\t\t\t\t<\/div>\n\t\t\t\t\t\t\t\t<div class=\"elementor-field-group elementor-column elementor-field-type-submit elementor-col-100 e-form__buttons\">\n\t\t\t\t\t<div class='elementor-turnstile-field' style='display: block;margin-top: 10px;width: 100%;'>\t\t<div id=\"cf-turnstile-elementor-3686786689\"\r\n\t\tclass=\"cf-turnstile\" data-callback=\"turnstileElementorCallback\"\t\tdata-sitekey=\"0x4AAAAAAAQXG956neHQzn1P\"\r\n\t\tdata-theme=\"light\"\r\n\t\tdata-language=\"auto\"\r\n\t\tdata-retry=\"auto\" data-retry-interval=\"1000\"\r\n\t\tdata-action=\"elementor-3686786689\"\r\n\t\t\t\tdata-appearance=\"always\"><\/div>\r\n\t\t\t\t<style>-elementor-3686786689 { pointer-events: none; opacity: 0.5; }<\/style>\r\n\t\t\t<script>document.addEventListener(\"DOMContentLoaded\",(function(){var e=document.getElementById(\"cf-turnstile-elementor-3686786689\");e&&!e.innerHTML.trim()&&(turnstile.remove(\"#cf-turnstile-elementor-3686786689\"),turnstile.render(\"#cf-turnstile-elementor-3686786689\",{sitekey:\"0x4AAAAAAAQXG956neHQzn1P\"}))}));<\/script>\r\n\t\t\t<br class=\"cf-turnstile-br cf-turnstile-br-elementor-3686786689\">\r\n\t\t\t\t<style>#cf-turnstile-elementor-3686786689 { margin-left: -15px; }<\/style>\r\n\t\t<\/div><br\/><button class=\"elementor-button elementor-size-sm\" type=\"submit\">\n\t\t\t\t\t\t<span class=\"elementor-button-content-wrapper\">\n\t\t\t\t\t\t\t\t\t\t\t\t\t\t\t<span class=\"elementor-button-icon\">\n\t\t\t\t\t\t\t\t\t<i aria-hidden=\"true\" class=\"vamtamtheme- vamtam-theme-arrow-right\"><\/i>\t\t\t\t\t\t\t\t\t\t\t\t\t\t\t\t\t<\/span>\n\t\t\t\t\t\t\t\t\t\t\t\t\t\t\t\t\t\t\t\t\t\t<span class=\"elementor-button-text\">Web Sitemi \u0130ncele<\/span>\n\t\t\t\t\t\t\t\t\t\t\t\t\t<\/span>\n\t\t\t\t\t<\/button>\n\t\t\t\t<\/div>\n\t\t\t<\/div>\n\t\t<\/form>\n\t\t\t\t<\/div>\n\t\t\t\t<\/div>\n\t\t\t\t\t<\/div>\n\t\t<\/div>\n\t\t\t\t\t<\/div>\n\t\t<\/section>\n\t\t\t\t<section class=\"elementor-section elementor-top-section elementor-element elementor-element-8d9a343 elementor-section-boxed elementor-section-height-default elementor-section-height-default\" data-id=\"8d9a343\" data-element_type=\"section\">\n\t\t\t\t\t\t<div class=\"elementor-container elementor-column-gap-no\">\n\t\t\t\t\t<div class=\"elementor-column elementor-col-100 elementor-top-column elementor-element elementor-element-eecbe5e\" data-id=\"eecbe5e\" data-element_type=\"column\">\n\t\t\t<div class=\"elementor-widget-wrap elementor-element-populated\">\n\t\t\t\t\t\t<div class=\"elementor-element elementor-element-649645e elementor-widget elementor-widget-global elementor-global-3575 elementor-widget-spacer\" data-id=\"649645e\" data-element_type=\"widget\" data-widget_type=\"spacer.default\">\n\t\t\t\t<div class=\"elementor-widget-container\">\n\t\t\t\t\t<div class=\"elementor-spacer\">\n\t\t\t<div class=\"elementor-spacer-inner\"><\/div>\n\t\t<\/div>\n\t\t\t\t<\/div>\n\t\t\t\t<\/div>\n\t\t\t\t\t<\/div>\n\t\t<\/div>\n\t\t\t\t\t<\/div>\n\t\t<\/section>\n\t\t\t\t<section class=\"elementor-section elementor-top-section elementor-element elementor-element-2a8db8c elementor-section-content-middle elementor-section-boxed elementor-section-height-default elementor-section-height-default\" data-id=\"2a8db8c\" data-element_type=\"section\">\n\t\t\t\t\t\t<div class=\"elementor-container elementor-column-gap-no\">\n\t\t\t\t\t<div class=\"elementor-column elementor-col-100 elementor-top-column elementor-element elementor-element-ac52650\" data-id=\"ac52650\" data-element_type=\"column\">\n\t\t\t<div class=\"elementor-widget-wrap elementor-element-populated\">\n\t\t\t\t\t\t<div class=\"elementor-element elementor-element-ec413ad elementor-widget__width-initial elementor-widget-tablet__width-inherit elementor-widget elementor-widget-text-editor\" data-id=\"ec413ad\" data-element_type=\"widget\" data-widget_type=\"text-editor.default\">\n\t\t\t\t<div class=\"elementor-widget-container\">\n\t\t\t\t\t\t\t<p>Toollar\u0131m\u0131z &amp; Partnerliklerimiz<\/p>\t\t\t\t\t\t<\/div>\n\t\t\t\t<\/div>\n\t\t\t\t<div class=\"elementor-element elementor-element-138ee0a elementor-widget__width-auto elementor-widget-mobile__width-initial elementor-widget elementor-widget-image\" data-id=\"138ee0a\" data-element_type=\"widget\" data-widget_type=\"image.default\">\n\t\t\t\t<div class=\"elementor-widget-container\">\n\t\t\t\t\t\t\t\t\t\t\t\t\t<img decoding=\"async\" src=\"https:\/\/yoodigital.co\/wp-content\/uploads\/elementor\/thumbs\/ahrefs-qis7bmn0vb0jo70srneuhjkb7fqot3bllq9stt6vq8.png\" title=\"ahrefs\" alt=\"\" loading=\"lazy\" \/>\t\t\t\t\t\t\t\t\t\t\t\t\t<\/div>\n\t\t\t\t<\/div>\n\t\t\t\t<div class=\"elementor-element elementor-element-b86a674 elementor-widget__width-auto elementor-widget-mobile__width-initial elementor-widget elementor-widget-image\" data-id=\"b86a674\" data-element_type=\"widget\" data-widget_type=\"image.default\">\n\t\t\t\t<div class=\"elementor-widget-container\">\n\t\t\t\t\t\t\t\t\t\t\t\t\t<img decoding=\"async\" src=\"https:\/\/yoodigital.co\/wp-content\/uploads\/elementor\/thumbs\/semrush-qis7bmn0vb0jo70srneuhjkb7fqot3bllq9stt6vq8.png\" title=\"semrush\" alt=\"\" loading=\"lazy\" \/>\t\t\t\t\t\t\t\t\t\t\t\t\t<\/div>\n\t\t\t\t<\/div>\n\t\t\t\t<div class=\"elementor-element elementor-element-d141f69 elementor-widget__width-auto elementor-widget-mobile__width-initial elementor-widget elementor-widget-image\" data-id=\"d141f69\" data-element_type=\"widget\" data-widget_type=\"image.default\">\n\t\t\t\t<div class=\"elementor-widget-container\">\n\t\t\t\t\t\t\t\t\t\t\t\t\t<img decoding=\"async\" src=\"https:\/\/yoodigital.co\/wp-content\/uploads\/elementor\/thumbs\/similarweb-qis7bmn0vb0jo70srneuhjkb7fqot3bllq9stt6vq8.png\" title=\"similarweb\" alt=\"\" loading=\"lazy\" \/>\t\t\t\t\t\t\t\t\t\t\t\t\t<\/div>\n\t\t\t\t<\/div>\n\t\t\t\t<div class=\"elementor-element elementor-element-1ee60e2 elementor-widget__width-auto elementor-widget-mobile__width-initial elementor-widget elementor-widget-image\" data-id=\"1ee60e2\" data-element_type=\"widget\" data-widget_type=\"image.default\">\n\t\t\t\t<div class=\"elementor-widget-container\">\n\t\t\t\t\t\t\t\t\t\t\t\t\t<img decoding=\"async\" src=\"https:\/\/yoodigital.co\/wp-content\/uploads\/elementor\/thumbs\/google-partner-qis7bmn1q05hc7e4itc7fox5jq8mlflf4hzl3tzypg.webp\" title=\"google-partner\" alt=\"\" loading=\"lazy\" \/>\t\t\t\t\t\t\t\t\t\t\t\t\t<\/div>\n\t\t\t\t<\/div>\n\t\t\t\t<div class=\"elementor-element elementor-element-c9d07e9 elementor-widget__width-auto elementor-widget-mobile__width-auto elementor-widget elementor-widget-image\" data-id=\"c9d07e9\" data-element_type=\"widget\" data-widget_type=\"image.default\">\n\t\t\t\t<div class=\"elementor-widget-container\">\n\t\t\t\t\t\t\t\t\t\t\t\t\t<img decoding=\"async\" src=\"https:\/\/yoodigital.co\/wp-content\/uploads\/elementor\/thumbs\/meta-business-partner-jpg-qiyy2sdwx5ei8j9wyv4s2w8wja18e6gazbnluicygk.webp\" title=\"meta-business-partner\" alt=\"\" loading=\"lazy\" \/>\t\t\t\t\t\t\t\t\t\t\t\t\t<\/div>\n\t\t\t\t<\/div>\n\t\t\t\t\t<\/div>\n\t\t<\/div>\n\t\t\t\t\t<\/div>\n\t\t<\/section>\n\t\t\t\t<\/div>\n\t\t","protected":false},"excerpt":{"rendered":"<p>Gelirinizi art\u0131rmaya haz\u0131r m\u0131s\u0131n\u0131z? Yoo Digital ile i\u015f birli\u011fi kurdu\u011funuzda, i\u015fin a\u011f\u0131r y\u00fck\u00fcn\u00fc biz \u00fcstleniriz, b\u00f6ylece daha fazla web sitesi trafi\u011finin, olas\u0131 sat\u0131\u015flar\u0131n ve gelirin keyfini \u00e7\u0131karabilirsiniz. Pazarlama hedeflerinizi g\u00f6zden ge\u00e7irin: Pazarlama ama\u00e7lar\u0131n\u0131z\u0131 ve hedeflerinizi g\u00f6zden ge\u00e7irerek ba\u015flay\u0131n. Hedef kitlenizi, de\u011fi\u015fip de\u011fi\u015fmediklerini veya onlara daha iyi ula\u015fmak i\u00e7in de\u011ferlendirin Web sitenizin kullan\u0131c\u0131 dostu, mobil uyumlu&#8230;<\/p>\n","protected":false},"author":2,"featured_media":0,"parent":0,"menu_order":0,"comment_status":"closed","ping_status":"closed","template":"","meta":{"footnotes":""},"class_list":["post-987998","page","type-page","status-publish","hentry"],"_links":{"self":[{"href":"https:\/\/yoodigital.co\/tr\/wp-json\/wp\/v2\/pages\/987998","targetHints":{"allow":["GET"]}}],"collection":[{"href":"https:\/\/yoodigital.co\/tr\/wp-json\/wp\/v2\/pages"}],"about":[{"href":"https:\/\/yoodigital.co\/tr\/wp-json\/wp\/v2\/types\/page"}],"author":[{"embeddable":true,"href":"https:\/\/yoodigital.co\/tr\/wp-json\/wp\/v2\/users\/2"}],"replies":[{"embeddable":true,"href":"https:\/\/yoodigital.co\/tr\/wp-json\/wp\/v2\/comments?post=987998"}],"version-history":[{"count":48,"href":"https:\/\/yoodigital.co\/tr\/wp-json\/wp\/v2\/pages\/987998\/revisions"}],"predecessor-version":[{"id":988753,"href":"https:\/\/yoodigital.co\/tr\/wp-json\/wp\/v2\/pages\/987998\/revisions\/988753"}],"wp:attachment":[{"href":"https:\/\/yoodigital.co\/tr\/wp-json\/wp\/v2\/media?parent=987998"}],"curies":[{"name":"wp","href":"https:\/\/api.w.org\/{rel}","templated":true}]}}